{"id":409,"date":"2025-11-13T02:19:35","date_gmt":"2025-11-13T01:19:35","guid":{"rendered":"https:\/\/lavaillante13.fr\/?page_id=409"},"modified":"2025-11-13T02:19:35","modified_gmt":"2025-11-13T01:19:35","slug":"mentions-legales","status":"publish","type":"page","link":"https:\/\/lavaillante13.fr\/?page_id=409","title":{"rendered":"Mentions l\u00e9gales"},"content":{"rendered":"\n<pre>C<span style=\"color: #000000;\">e site est prot\u00e9g\u00e9 par la loi du 1er juillet 1998 sur la protection juridique des bases de donn\u00e9es. Sont interdites toutes extractions et r\u00e9utilisations de la totalit\u00e9 ou d\u2019une partie substantielle, sur le plan qualitatif ou quantitatif, du contenu du site. Les \u00e9l\u00e9ments relatifs \u00e0 la forme du site ainsi que les textes et \u0153uvres pr\u00e9sent\u00e9s sont prot\u00e9g\u00e9s par le r\u00e9gime du droit d\u2019auteur. La reproduction et l\u2019utilisation de ces textes et \u0153uvres, autres qu\u2019\u00e0 une fin de consultation de nature priv\u00e9e, sont interdites.<\/span><br><br><span style=\"color: #000000;\"><strong>AUTORISATION<\/strong><\/span><br><br><span style=\"color: #000000;\">Toute demande d\u2019autorisation pour quelque utilisation que ce soit doit \u00eatre adress\u00e9e \u00e0 : Association La Vaillante 179 Bd Michelet 13600 LA CIOTAT<\/span><br><br><span style=\"color: #000000;\"><strong>Respect de la vie priv\u00e9e<\/strong><\/span><br><br><span style=\"color: #000000;\">Conform\u00e9ment \u00e0 la loi n\u00b0 78-17 du 6 janvier 1978, vous avez un droit total d\u2019acc\u00e8s, de modification, de rectification et de suppression des informations nominatives vous concernant. Pour l\u2019exercer, adressez-vous \u00e0 : Association La Vaillante 179 Bd Michelet 13600 LA CIOTAT<\/span><br><br><span style=\"color: #000000;\"><strong>Responsable \u00e9ditorial<\/strong><\/span><br><br><span style=\"color: #000000;\">Association La Vaillante 179 Bd Michelet 13600 LA CIOTAT<\/span><br><br><span style=\"color: #000000;\"><strong><a style=\"color: #000000;\" href=\"https:\/\/mettrelecap.fr\/\">R\u00e9alisation du site internet<\/a><\/strong><\/span><br><br><span style=\"color: #000000;\"><a style=\"color: #000000;\" href=\"https:\/\/mettrelecap.fr\/\">La VAILLANTE<\/a><\/span><br><br><br><span style=\"color: #000000;\"><strong>H\u00e9bergement<\/strong><\/span><br><br><span style=\"color: #000000;\">Site h\u00e9berg\u00e9 chez OVH<\/span><br><br><span style=\"color: #000000;\"><strong>Cr\u00e9dits photos<\/strong><\/span><br><br><span style=\"color: #000000;\">Association La Vaillante 179 Bd Michelet 13600 LA CIOTAT<\/span><\/pre>\n<h3>&nbsp;<\/h3>\n<h3>&nbsp;<\/h3>\n<p>&nbsp;<\/p>\n\n\n","protected":false},"excerpt":{"rendered":"<p>Ce site est prot\u00e9g\u00e9 par la loi du 1er juillet 1998 sur la protection juridique des bases de donn\u00e9es. Sont interdites toutes extractions et r\u00e9utilisations de la totalit\u00e9 ou d\u2019une partie substantielle, sur le plan qualitatif ou quantitatif, du contenu du site. Les \u00e9l\u00e9ments relatifs \u00e0 la forme du site ainsi que les textes et [&hellip;]<\/p>\n","protected":false},"author":1,"featured_media":0,"parent":0,"menu_order":0,"comment_status":"closed","ping_status":"closed","template":"","meta":{"footnotes":""},"class_list":["post-409","page","type-page","status-publish","czr-hentry"],"_links":{"self":[{"href":"https:\/\/lavaillante13.fr\/index.php?rest_route=\/wp\/v2\/pages\/409","targetHints":{"allow":["GET"]}}],"collection":[{"href":"https:\/\/lavaillante13.fr\/index.php?rest_route=\/wp\/v2\/pages"}],"about":[{"href":"https:\/\/lavaillante13.fr\/index.php?rest_route=\/wp\/v2\/types\/page"}],"author":[{"embeddable":true,"href":"https:\/\/lavaillante13.fr\/index.php?rest_route=\/wp\/v2\/users\/1"}],"replies":[{"embeddable":true,"href":"https:\/\/lavaillante13.fr\/index.php?rest_route=%2Fwp%2Fv2%2Fcomments&post=409"}],"version-history":[{"count":1,"href":"https:\/\/lavaillante13.fr\/index.php?rest_route=\/wp\/v2\/pages\/409\/revisions"}],"predecessor-version":[{"id":410,"href":"https:\/\/lavaillante13.fr\/index.php?rest_route=\/wp\/v2\/pages\/409\/revisions\/410"}],"wp:attachment":[{"href":"https:\/\/lavaillante13.fr\/index.php?rest_route=%2Fwp%2Fv2%2Fmedia&parent=409"}],"curies":[{"name":"wp","href":"https:\/\/api.w.org\/{rel}","templated":true}]}}