{"id":238,"date":"2017-10-04T21:33:23","date_gmt":"2017-10-04T20:33:23","guid":{"rendered":"http:\/\/lavaillante13.fr\/?page_id=238"},"modified":"2025-11-13T22:19:25","modified_gmt":"2025-11-13T21:19:25","slug":"patronage-notre-dame-de-loeuvre","status":"publish","type":"page","link":"https:\/\/lavaillante13.fr\/?page_id=238","title":{"rendered":"Patronage de La Ciotat"},"content":{"rendered":"<p>La dynamique d\u2019un patronage, c\u2019est de guider les jeunes dans toutes les phases de leur d\u00e9veloppement lors d\u2019une grande partie de leur vie. Dans un monde qui change de plus en plus vite, le Patronage r\u00e9pond de mani\u00e8re tr\u00e8s personnalis\u00e9e aux besoins des enfants et de leur famille. Ils y trouvent un lieu agr\u00e9able o\u00f9 le jeu et le travail participent \u00e0 part \u00e9gale \u00e0 la construction de leur personnalit\u00e9 dans un climat \u00e9ducatif bienveillant. Depuis son ouverture en septembre 2016, l\u2019association du Patronage de La Ciotat loi 1901, s\u2019inscrit dans les valeurs de la\u00efcit\u00e9 r\u00e9publicaine et accueille des enfants de tous horizons, dans le respect des convictions de chacun. Le Patronage aujourd\u2019hui est un lieu d\u2019accueil p\u00e9riscolaire et extrascolaire pour les enfants et les adolescents de 3 ans \u00e0 17 ans. Gr\u00e2ce \u00e0 L\u2019accueil collectif de mineurs, nous proposons des activit\u00e9s constructives et vari\u00e9es pour les enfants. Les objectifs \u00e9ducatifs choisis par l\u2019association sont\u00a0:<\/p>\n<ul>\n<li>Accueillir les jeunes dans un cadre de vie s\u00e9curis\u00e9 et s\u00e9curisant\u00a0;<\/li>\n<li>Transmettre des valeurs de savoir-\u00eatre et un savoir-faire\u00a0;<\/li>\n<li>Eduquer \u00e0 travers des activit\u00e9s de d\u00e9couvertes et de rencontres dans un cadre de vie en collectivit\u00e9\u00a0;<\/li>\n<li>Eveiller les jeunes aux valeurs humaines\u00a0;<\/li>\n<\/ul>\n<p>C\u2019est gr\u00e2ce \u00e0 ces objectifs \u00e9ducatifs que vont d\u00e9couler nos objectifs p\u00e9dagogiques ainsi que tout notre travail et nos relations avec les enfants. Nous esp\u00e9rons fid\u00e9liser et faire grandir nos jeunes jusqu\u2019\u00e0 l\u2019\u00e2ge adulte.<\/p>\n<p>Le personnel du Patronage est compos\u00e9 en priorit\u00e9 de salari\u00e9s dipl\u00f4m\u00e9s ou en formation et notre \u00e9quipe est \u00e9galement compos\u00e9e de fid\u00e8les b\u00e9n\u00e9voles.<\/p>\n<p>Aujourd\u2019hui le Patronage c\u2019est bien d\u00e9velopper nous proposons plusieurs dispositifs :<\/p>\n<ul>\n<li>Centre de loisirs de 3 \u00e0 17 ans, ouvert les mercredis et les vacances scolaire.<\/li>\n<li>Aide \u00e0 la scolarit\u00e9 de 6 \u00e0 17 ans du lundi au vendredi.<\/li>\n<li>S\u00e9jour de vacances.<\/li>\n<li>Initiation au Th\u00e9\u00e2tre le lundi \u00e0 partir de 7 ans.<\/li>\n<li>Initiation au karat\u00e9 le mardi \u00e0 partir de 7 ans.<\/li>\n<li>Initiation com\u00e9die musical \u00e0 partir de 7 ans.<\/li>\n<\/ul>\n<p>Un projet p\u00e9dagogique qui est travailler et r\u00e9fl\u00e9chis par nos \u00e9quipes en fonction des besoins de vos enfants est mis en place chaque ann\u00e9e. Vous pouvez le t\u00e9l\u00e9charger ci-dessous<\/p>\n<p>Pour plus de renseignement je vous laisse consult\u00e9 les diff\u00e9rents onglets.<\/p>\n","protected":false},"excerpt":{"rendered":"<p>La dynamique d\u2019un patronage, c\u2019est de guider les jeunes dans toutes les phases de leur d\u00e9veloppement lors d\u2019une grande partie de leur vie. Dans un monde qui change de plus en plus vite, le Patronage r\u00e9pond de mani\u00e8re tr\u00e8s personnalis\u00e9e aux besoins des enfants et de leur famille. Ils y trouvent un lieu agr\u00e9able o\u00f9 [&hellip;]<\/p>\n","protected":false},"author":1,"featured_media":0,"parent":0,"menu_order":0,"comment_status":"closed","ping_status":"closed","template":"","meta":{"footnotes":""},"class_list":["post-238","page","type-page","status-publish","czr-hentry"],"_links":{"self":[{"href":"https:\/\/lavaillante13.fr\/index.php?rest_route=\/wp\/v2\/pages\/238","targetHints":{"allow":["GET"]}}],"collection":[{"href":"https:\/\/lavaillante13.fr\/index.php?rest_route=\/wp\/v2\/pages"}],"about":[{"href":"https:\/\/lavaillante13.fr\/index.php?rest_route=\/wp\/v2\/types\/page"}],"author":[{"embeddable":true,"href":"https:\/\/lavaillante13.fr\/index.php?rest_route=\/wp\/v2\/users\/1"}],"replies":[{"embeddable":true,"href":"https:\/\/lavaillante13.fr\/index.php?rest_route=%2Fwp%2Fv2%2Fcomments&post=238"}],"version-history":[{"count":13,"href":"https:\/\/lavaillante13.fr\/index.php?rest_route=\/wp\/v2\/pages\/238\/revisions"}],"predecessor-version":[{"id":439,"href":"https:\/\/lavaillante13.fr\/index.php?rest_route=\/wp\/v2\/pages\/238\/revisions\/439"}],"wp:attachment":[{"href":"https:\/\/lavaillante13.fr\/index.php?rest_route=%2Fwp%2Fv2%2Fmedia&parent=238"}],"curies":[{"name":"wp","href":"https:\/\/api.w.org\/{rel}","templated":true}]}}