{"id":168,"date":"2016-05-12T05:44:47","date_gmt":"2016-05-12T04:44:47","guid":{"rendered":"http:\/\/lavaillante13.fr\/?page_id=168"},"modified":"2016-05-12T05:44:47","modified_gmt":"2016-05-12T04:44:47","slug":"salle-des-fetes","status":"publish","type":"page","link":"https:\/\/lavaillante13.fr\/?page_id=168","title":{"rendered":"Salle des F\u00eates"},"content":{"rendered":"<h2><div class=\"su-column su-column-size-1-2\"><div class=\"su-column-inner su-u-clearfix su-u-trim\"><img loading=\"lazy\" decoding=\"async\" class=\"alignnone size-medium wp-image-169\" src=\"http:\/\/lavaillante13.fr\/wp-content\/uploads\/2016\/05\/s4-300x224.jpg\" alt=\"s4\" width=\"300\" height=\"224\" srcset=\"https:\/\/lavaillante13.fr\/wp-content\/uploads\/2016\/05\/s4-300x224.jpg 300w, https:\/\/lavaillante13.fr\/wp-content\/uploads\/2016\/05\/s4-768x574.jpg 768w, https:\/\/lavaillante13.fr\/wp-content\/uploads\/2016\/05\/s4.jpg 800w\" sizes=\"auto, (max-width: 300px) 100vw, 300px\" \/>\u00a0<img loading=\"lazy\" decoding=\"async\" class=\"alignnone size-medium wp-image-171\" src=\"http:\/\/lavaillante13.fr\/wp-content\/uploads\/2016\/05\/sa1-300x224.jpg\" alt=\"sa1\" width=\"300\" height=\"224\" srcset=\"https:\/\/lavaillante13.fr\/wp-content\/uploads\/2016\/05\/sa1-300x224.jpg 300w, https:\/\/lavaillante13.fr\/wp-content\/uploads\/2016\/05\/sa1-768x574.jpg 768w, https:\/\/lavaillante13.fr\/wp-content\/uploads\/2016\/05\/sa1.jpg 800w\" sizes=\"auto, (max-width: 300px) 100vw, 300px\" \/><\/div><\/div>Salle pour F\u00eates<\/h2>\n<p>&nbsp;<\/p>\n<p>Cette salle de 70m2 est situ\u00e9 au rez de chauss\u00e9e. Id\u00e9ale pour vos f\u00eate de famille.<\/p>\n<p>Elle peut contenir jusqu&rsquo;\u00e0 60 personnes.<\/p>\n<p>&nbsp;<\/p>\n<p>Elle comprend :<\/p>\n<ul style=\"list-style-type: square;\">\n<li>10 tables PVC de 6 personnes<\/li>\n<li>10 petites tables (pour dresser vos buffets etc&#8230;)<\/li>\n<li>60 chaises<\/li>\n<\/ul>\n<p>Une cuisine \u00e9quip\u00e9e :<\/p>\n<ul style=\"list-style-type: square;\">\n<li>1 chambre froide de 1300 litres<\/li>\n<li>1 cong\u00e9lateur bac<\/li>\n<li>1 piano de cuisine<\/li>\n<li>1 four micro onde<\/li>\n<li>1 plonge<\/li>\n<li>2 plans de travail en inox<\/li>\n<\/ul>\n<p>&nbsp;<\/p>\n","protected":false},"excerpt":{"rendered":"<p>Salle pour F\u00eates &nbsp; Cette salle de 70m2 est situ\u00e9 au rez de chauss\u00e9e. Id\u00e9ale pour vos f\u00eate de famille. Elle peut contenir jusqu&rsquo;\u00e0 60 personnes. &nbsp; Elle comprend : 10 tables PVC de 6 personnes 10 petites tables (pour dresser vos buffets etc&#8230;) 60 chaises Une cuisine \u00e9quip\u00e9e : 1 chambre froide de 1300 [&hellip;]<\/p>\n","protected":false},"author":1,"featured_media":0,"parent":0,"menu_order":0,"comment_status":"closed","ping_status":"closed","template":"","meta":{"footnotes":""},"class_list":["post-168","page","type-page","status-publish","czr-hentry"],"_links":{"self":[{"href":"https:\/\/lavaillante13.fr\/index.php?rest_route=\/wp\/v2\/pages\/168","targetHints":{"allow":["GET"]}}],"collection":[{"href":"https:\/\/lavaillante13.fr\/index.php?rest_route=\/wp\/v2\/pages"}],"about":[{"href":"https:\/\/lavaillante13.fr\/index.php?rest_route=\/wp\/v2\/types\/page"}],"author":[{"embeddable":true,"href":"https:\/\/lavaillante13.fr\/index.php?rest_route=\/wp\/v2\/users\/1"}],"replies":[{"embeddable":true,"href":"https:\/\/lavaillante13.fr\/index.php?rest_route=%2Fwp%2Fv2%2Fcomments&post=168"}],"version-history":[{"count":16,"href":"https:\/\/lavaillante13.fr\/index.php?rest_route=\/wp\/v2\/pages\/168\/revisions"}],"predecessor-version":[{"id":186,"href":"https:\/\/lavaillante13.fr\/index.php?rest_route=\/wp\/v2\/pages\/168\/revisions\/186"}],"wp:attachment":[{"href":"https:\/\/lavaillante13.fr\/index.php?rest_route=%2Fwp%2Fv2%2Fmedia&parent=168"}],"curies":[{"name":"wp","href":"https:\/\/api.w.org\/{rel}","templated":true}]}}