{"id":14,"date":"2016-05-09T21:53:44","date_gmt":"2016-05-09T20:53:44","guid":{"rendered":"http:\/\/lavaillante13.fr\/?page_id=14"},"modified":"2016-05-09T21:53:44","modified_gmt":"2016-05-09T20:53:44","slug":"quelques-dates","status":"publish","type":"page","link":"https:\/\/lavaillante13.fr\/?page_id=14","title":{"rendered":"Quelques dates"},"content":{"rendered":"<div class=\"wa-comp wa-text wa-bg-gradient param[grad(rgba(0,0,0,0)) border(0 #969696)]  \">\n<div>\n<h2 align=\"left\"><span style=\"text-decoration: underline;\">Quelques dates :<\/span><\/h2>\n<div align=\"left\">1864 : Les messieurs de l\u2019\u0153uvre de Marseille fondent une \u0153uvre pour la jeunesse \u00e0 La Ciotat<\/div>\n<div><\/div>\n<div align=\"left\">1867 : Construction de la Chapelle<\/div>\n<div><\/div>\n<div align=\"left\">1872 : La Chapelle est mise en service<\/div>\n<div><\/div>\n<div align=\"left\">1912 : l\u2019\u0153uvre \u00e0 48 ans : Les anciens cr\u00e9ent l&rsquo;association des anciens de l\u2019\u0153uvre.<\/div>\n<div><\/div>\n<div align=\"left\">1914 : Grandiose f\u00eate du cinquantenaire<\/div>\n<div><\/div>\n<div align=\"left\">1918 : Premi\u00e8res sortie et promenades pour les petits signal\u00e9es dans les bulletins paroissiaux.<\/div>\n<div><\/div>\n<div align=\"left\">1925 : Les Messieurs quittent l\u2019\u0153uvre. Le premier Directeur dut l&rsquo;Abb\u00e9 Roux<\/div>\n<div><\/div>\n<div align=\"left\">1928 : Cr\u00e9ation de la section JOC par l&rsquo;abb\u00e9 Roux<\/div>\n<div><\/div>\n<div align=\"left\">1929 : Cr\u00e9ation de l&rsquo;Association Sportive La Vaillante<\/div>\n<div><\/div>\n<div align=\"left\">1937 : Premi\u00e8res colonies de vacances<\/div>\n<div><\/div>\n<div align=\"left\">1938\u00a0 : Naissance du mouvement C\u0153ur Vaillant<\/div>\n<div><\/div>\n<div align=\"left\">1950 : Premi\u00e8re troupe de Scouts de France \u00e0 La Ciotat<\/div>\n<div><\/div>\n<div align=\"left\">1952 : Premier camp de ski \u00e0 Larche, cr\u00e9ation d&rsquo;un atelier photos.<\/div>\n<div><\/div>\n<div align=\"left\">1958 : Un groupe d&rsquo;instrumentaliste vient renforcer la chorale<\/div>\n<div><\/div>\n<div align=\"left\">1961 Cr\u00e9ation de la section Karting<\/div>\n<div><\/div>\n<div align=\"left\">1964 : F\u00eates du centenaire : l&rsquo;Abb\u00e9 Cerise est directeur<\/div>\n<div><\/div>\n<div align=\"left\">1971 : d\u00e9part du dernier aum\u00f4nier de l\u2019\u0153uvre, l&rsquo;Abb\u00e9 Brunel, l&rsquo;association La Vaillante prend le relais.<\/div>\n<\/div>\n<\/div>\n","protected":false},"excerpt":{"rendered":"<p>Quelques dates : 1864 : Les messieurs de l\u2019\u0153uvre de Marseille fondent une \u0153uvre pour la jeunesse \u00e0 La Ciotat 1867 : Construction de la Chapelle 1872 : La Chapelle est mise en service 1912 : l\u2019\u0153uvre \u00e0 48 ans : Les anciens cr\u00e9ent l&rsquo;association des anciens de l\u2019\u0153uvre. 1914 : Grandiose f\u00eate du cinquantenaire [&hellip;]<\/p>\n","protected":false},"author":1,"featured_media":0,"parent":0,"menu_order":0,"comment_status":"closed","ping_status":"closed","template":"","meta":{"footnotes":""},"class_list":["post-14","page","type-page","status-publish","czr-hentry"],"_links":{"self":[{"href":"https:\/\/lavaillante13.fr\/index.php?rest_route=\/wp\/v2\/pages\/14","targetHints":{"allow":["GET"]}}],"collection":[{"href":"https:\/\/lavaillante13.fr\/index.php?rest_route=\/wp\/v2\/pages"}],"about":[{"href":"https:\/\/lavaillante13.fr\/index.php?rest_route=\/wp\/v2\/types\/page"}],"author":[{"embeddable":true,"href":"https:\/\/lavaillante13.fr\/index.php?rest_route=\/wp\/v2\/users\/1"}],"replies":[{"embeddable":true,"href":"https:\/\/lavaillante13.fr\/index.php?rest_route=%2Fwp%2Fv2%2Fcomments&post=14"}],"version-history":[{"count":1,"href":"https:\/\/lavaillante13.fr\/index.php?rest_route=\/wp\/v2\/pages\/14\/revisions"}],"predecessor-version":[{"id":15,"href":"https:\/\/lavaillante13.fr\/index.php?rest_route=\/wp\/v2\/pages\/14\/revisions\/15"}],"wp:attachment":[{"href":"https:\/\/lavaillante13.fr\/index.php?rest_route=%2Fwp%2Fv2%2Fmedia&parent=14"}],"curies":[{"name":"wp","href":"https:\/\/api.w.org\/{rel}","templated":true}]}}